{"id":10620,"date":"2023-12-03T12:00:31","date_gmt":"2023-12-03T12:00:31","guid":{"rendered":"https:\/\/eventbooking.top\/privacy-policy\/"},"modified":"2023-12-05T16:45:53","modified_gmt":"2023-12-05T16:45:53","slug":"politica-de-privacidad","status":"publish","type":"page","link":"https:\/\/eventbooking.top\/es\/politica-de-privacidad\/","title":{"rendered":"Pol\u00edtica de Privacidad"},"content":{"rendered":"<div class=\"wpb-content-wrapper\"><p>[vc_row css_animation=\u00bb\u00bb row_type=\u00bbrow\u00bb use_row_as_full_screen_section=\u00bbno\u00bb type=\u00bbfull_width\u00bb angled_section=\u00bbno\u00bb text_align=\u00bbleft\u00bb background_image_as_pattern=\u00bbwithout_pattern\u00bb][vc_column][vc_column_text]<\/p>\n<h1>Aqu\u00ed presentamos nuestra Pol\u00edtica de Privacidad<\/h1>\n<h2><\/h2>\n<h2><strong>Pol\u00edtica de Privacidad<\/strong><\/h2>\n<p>&nbsp;<\/p>\n<p>Scarab Lounge SL (Eventbooking.top y Bee-padel.com) opera Eventbooking.top y Bee-padel.com y puede operar otras p\u00e1ginas web. La pol\u00edtica de Eventbooking.top y Bee-padel.com es respetar su privacidad con respecto a toda la informaci\u00f3n que podemos recopilar durante la operaci\u00f3n de nuestras p\u00e1ginas web.<\/p>\n<p>&nbsp;<\/p>\n<p><strong>Visitantes del sitio web<\/strong><\/p>\n<p>Al igual que la mayor\u00eda de los operadores de p\u00e1ginas web, Eventbooking.top y Bee-padel.com recopilan informaci\u00f3n no personalmente identificable del tipo que los navegadores web y los servidores suelen poner a disposici\u00f3n, como el tipo de navegador, las preferencias de idioma, el sitio de referencia y la hora de cada solicitud del visitante. El prop\u00f3sito de Eventbooking.top y Bee-padel.com al recopilar informaci\u00f3n no personalmente identificable es comprender mejor c\u00f3mo los visitantes de Eventbooking.top y Bee-padel.com utilizan el sitio web. De vez en cuando, Eventbooking.top y Bee-padel.com pueden divulgar informaci\u00f3n no personalmente identificable en forma agregada, por ejemplo, al publicar un informe sobre tendencias en el uso del sitio web.<\/p>\n<p>Eventbooking.top y Bee-padel.com tambi\u00e9n pueden recopilar informaci\u00f3n personalmente identificable, como direcciones IP, para usuarios registrados y para usuarios que dejan comentarios en blogs\/sitios de Eventbooking.top y Bee-padel.com.com. Eventbooking.top y Bee-padel.com solo revelan direcciones IP de usuarios registrados y comentaristas en las mismas circunstancias en que utilizan y revelan informaci\u00f3n personalmente identificable, como se describe a continuaci\u00f3n, excepto que las direcciones IP de los comentaristas y las direcciones de correo electr\u00f3nico son visibles y se revelan a los administradores del blog\/sitio donde se dej\u00f3 el comentario.<\/p>\n<p>&nbsp;<\/p>\n<p><strong>Recopilaci\u00f3n de informaci\u00f3n personalmente identificable<\/strong><\/p>\n<p>Algunos visitantes de las p\u00e1ginas web de Eventbooking.top y Bee-padel.com eligen interactuar con Eventbooking.top y Bee-padel.com de maneras que requieren que Eventbooking.top y Bee-padel.com recopilen informaci\u00f3n personalmente identificable. La cantidad y el tipo de informaci\u00f3n que recopila Eventbooking.top y Bee-padel.com depende de la naturaleza de la interacci\u00f3n. Por ejemplo, solicitamos a los visitantes que se registran en Eventbooking.top y Bee-padel.com.com que proporcionen un nombre de usuario y una direcci\u00f3n de correo electr\u00f3nico. Aquellos que realicen transacciones con Eventbooking.top y Bee-padel.com se les puede pedir que proporcionen informaci\u00f3n adicional, incluida la informaci\u00f3n personal y financiera necesaria para procesar esas transacciones. En cualquier caso, Eventbooking.top y Bee-padel.com recopilan dicha informaci\u00f3n solo en la medida necesaria o apropiada para cumplir con el prop\u00f3sito de la interacci\u00f3n del visitante con Eventbooking.top y Bee-padel.com. Eventbooking.top y Bee-padel.com no revelan informaci\u00f3n personalmente identificable excepto como se describe a continuaci\u00f3n. Los visitantes siempre pueden negarse a proporcionar informaci\u00f3n personalmente identificable, con la salvedad de que esto puede evitar que participen en ciertas actividades relacionadas con el sitio web.<\/p>\n<p>&nbsp;<\/p>\n<p><strong>Estad\u00edsticas Agregadas<\/strong><\/p>\n<p>Eventbooking.top y Bee-padel.com pueden recopilar estad\u00edsticas sobre el comportamiento de los visitantes en sus sitios web. Eventbooking.top y Bee-padel.com pueden mostrar esta informaci\u00f3n p\u00fablicamente o proporcionarla a otros. Sin embargo, Eventbooking.top y Bee-padel.com no revelan informaci\u00f3n personalmente identificable, excepto como se describe a continuaci\u00f3n.<\/p>\n<p>&nbsp;<\/p>\n<p><strong>Protecci\u00f3n de cierta informaci\u00f3n personalmente identificable<\/strong><\/p>\n<p>Eventbooking.top y Bee-padel.com divulgan potencialmente informaci\u00f3n personalmente identificable y personalmente identificable solo a empleados, contratistas y organizaciones afiliadas que (i) necesitan conocer esa informaci\u00f3n para procesarla en nombre de Eventbooking.top y Bee-padel.com o para proporcionar servicios disponibles en las p\u00e1ginas web de Eventbooking.top y Bee-padel.com, y (ii) que han acordado no divulgarla a otros. Algunos de esos empleados, contratistas y organizaciones afiliadas pueden estar ubicados fuera de su pa\u00eds de origen; mediante el uso de las p\u00e1ginas web de Eventbooking.top y Bee-padel.com, usted acepta la transferencia de dicha informaci\u00f3n a ellos. Eventbooking.top y Bee-padel.com no alquilar\u00e1n ni vender\u00e1n potencialmente informaci\u00f3n personalmente identificable y personalmente identificable a nadie. Aparte de los empleados, contratistas y organizaciones afiliadas, como se describe anteriormente, Eventbooking.top y Bee-padel.com divulga potencialmente informaci\u00f3n personalmente identificable y personalmente identificable solo en respuesta a una citaci\u00f3n, orden judicial u otro requerimiento gubernamental, o cuando Eventbooking.top y Bee-padel.com cree de buena fe que la divulgaci\u00f3n es razonablemente necesaria para proteger la propiedad o los derechos de Eventbooking.top y Bee-padel.com, terceros o el p\u00fablico en general. Si es usted un usuario registrado de un sitio web de Eventbooking.top y Bee-padel.com y ha proporcionado su direcci\u00f3n de correo electr\u00f3nico, Eventbooking.top y Bee-padel.com pueden enviarle ocasionalmente un correo electr\u00f3nico para informarle sobre nuevas caracter\u00edsticas, solicitar su opini\u00f3n o simplemente mantenerlo informado sobre lo que est\u00e1 sucediendo con Eventbooking.top y Bee-padel.com y nuestros productos. Si nos env\u00eda una solicitud (por ejemplo, mediante correo electr\u00f3nico o mediante uno de nuestros mecanismos de retroalimentaci\u00f3n), nos reservamos el derecho de publicarla para ayudarnos a aclarar o responder a su solicitud o para ayudarnos a respaldar a otros usuarios. Eventbooking.top y Bee-padel.com toma todas las medidas razonablemente necesarias para protegerse contra el acceso no autorizado, el uso, la alteraci\u00f3n o la destrucci\u00f3n de informaci\u00f3n potencialmente personalmente identificable y personalmente identificable.<\/p>\n<p>&nbsp;<\/p>\n<p><strong>Cookies<\/strong><\/p>\n<p>Una cookie es una cadena de informaci\u00f3n que un sitio web almacena en la computadora de un visitante y que el navegador del visitante proporciona al sitio web cada vez que el visitante regresa. Eventbooking.top y Bee-padel.com utilizan cookies para ayudar a Eventbooking.top y Bee-padel.com a identificar y rastrear a los visitantes, su uso del sitio web de Eventbooking.top y Bee-padel.com y sus preferencias de acceso al sitio web. Los visitantes de Eventbooking.top y Bee-padel.com que no deseen tener cookies en sus computadoras deben configurar sus navegadores para que rechacen las cookies antes de utilizar los sitios web de Eventbooking.top y Bee-padel.com, con el inconveniente de que algunas funciones de los sitios web de Eventbooking.top y Bee-padel.com pueden no funcionar correctamente sin la ayuda de cookies.<\/p>\n<p>&nbsp;<\/p>\n<p><strong>Transferencia comercial<\/strong><\/p>\n<p>Si Eventbooking.top y Bee-padel.com, o pr\u00e1cticamente todos sus activos, son adquiridos, o en el improbable caso de que Eventbooking.top y Bee-padel.com se declare en quiebra o solicite la protecci\u00f3n por quiebra, la informaci\u00f3n del usuario ser\u00eda uno de los activos que se transfieren o adquieren por un tercero. Usted reconoce que tales transferencias pueden ocurrir y que cualquier adquirente de Eventbooking.top y Bee-padel.com puede continuar utilizando su informaci\u00f3n personal como se establece en esta pol\u00edtica.<\/p>\n<p>&nbsp;<\/p>\n<p><strong>Anuncios<\/strong><\/p>\n<p>Los anuncios que aparecen en cualquiera de nuestros sitios web pueden ser entregados a los usuarios por socios publicitarios, quienes pueden establecer cookies. Estas cookies permiten que el servidor de anuncios reconozca su computadora cada vez que le env\u00edan un anuncio en l\u00ednea para recopilar informaci\u00f3n sobre usted o sobre otras personas que usan su computadora. Esta informaci\u00f3n permite a las redes de anuncios, entre otras cosas, ofrecer anuncios dirigidos que creen que ser\u00e1n de mayor inter\u00e9s para usted. Esta pol\u00edtica de privacidad cubre el uso de cookies por parte de Eventbooking.top y Bee-padel.com y no cubre el uso de cookies por parte de anunciantes.<\/p>\n<p>&nbsp;<\/p>\n<p><strong>Cambios en la pol\u00edtica de privacidad<\/strong><\/p>\n<p>Aunque la mayor\u00eda de los cambios probablemente sean peque\u00f1os, Eventbooking.top y Bee-padel.com pueden cambiar su Pol\u00edtica de Privacidad de vez en cuando, a su sola discreci\u00f3n. Eventbooking.top y Bee-padel.com animan a los visitantes a comprobar con frecuencia esta p\u00e1gina para ver cualquier cambio en su Pol\u00edtica de Privacidad. Si usted tiene una cuenta en Eventbooking.top y Bee-padel.com.com, tambi\u00e9n puede recibir una notificaci\u00f3n que le informe de estos cambios. El uso continuado de este sitio despu\u00e9s de cualquier cambio en esta Pol\u00edtica de Privacidad constituir\u00e1 su aceptaci\u00f3n de dicho cambio.<\/p>\n<p>&nbsp;<\/p>\n<p>No dude en ponerse en contacto a trav\u00e9s de: <a href=\"mailto:admin@eventbooking.top\" target=\"_new\" rel=\"noopener\">admin@eventbooking.top<\/a> para cualquier pregunta.[\/vc_column_text][\/vc_column][\/vc_row]<\/p>\n<\/div>","protected":false},"excerpt":{"rendered":"<p>[vc_row css_animation=\u00bb\u00bb row_type=\u00bbrow\u00bb use_row_as_full_screen_section=\u00bbno\u00bb type=\u00bbfull_width\u00bb angled_section=\u00bbno\u00bb text_align=\u00bbleft\u00bb background_image_as_pattern=\u00bbwithout_pattern\u00bb][vc_column][vc_column_text] Aqu\u00ed presentamos nuestra Pol\u00edtica de Privacidad Pol\u00edtica de Privacidad &nbsp; Scarab Lounge SL (Eventbooking.top y Bee-padel.com) opera Eventbooking.top y Bee-padel.com y puede operar otras p\u00e1ginas web. La pol\u00edtica de Eventbooking.top y Bee-padel.com es respetar su privacidad con&#8230;<\/p>\n","protected":false},"author":1,"featured_media":10149,"parent":0,"menu_order":0,"comment_status":"closed","ping_status":"closed","template":"","meta":{"footnotes":""},"class_list":["post-10620","page","type-page","status-publish","has-post-thumbnail","hentry"],"yoast_head":"<!-- This site is optimized with the Yoast SEO plugin v27.5 - https:\/\/yoast.com\/product\/yoast-seo-wordpress\/ -->\n<title>Pol\u00edtica de Privacidad - Eventbooking.top y Bee-Padel.com<\/title>\n<meta name=\"description\" content=\"Aqu\u00ed presentamos nuestra pol\u00edtica de Privacidad. Aqu\u00ed queda claro c\u00f3mo pensamos sobre la Privacidad en el sitio web y en Padel Academy, Venta de productos.\" \/>\n<meta name=\"robots\" content=\"index, follow, max-snippet:-1, max-image-preview:large, max-video-preview:-1\" \/>\n<link rel=\"canonical\" href=\"https:\/\/eventbooking.top\/es\/politica-de-privacidad\/\" \/>\n<meta property=\"og:locale\" content=\"es_ES\" \/>\n<meta property=\"og:type\" content=\"article\" \/>\n<meta property=\"og:title\" content=\"Pol\u00edtica de Privacidad - Eventbooking.top y Bee-Padel.com\" \/>\n<meta property=\"og:description\" content=\"Aqu\u00ed presentamos nuestra pol\u00edtica de Privacidad. Aqu\u00ed queda claro c\u00f3mo pensamos sobre la Privacidad en el sitio web y en Padel Academy, Venta de productos.\" \/>\n<meta property=\"og:url\" content=\"https:\/\/eventbooking.top\/es\/politica-de-privacidad\/\" \/>\n<meta property=\"og:site_name\" content=\"Intensive Padel Clinics, Barcelona, Spain\" \/>\n<meta property=\"article:publisher\" content=\"https:\/\/www.facebook.com\/EventBookingPadel\/\" \/>\n<meta property=\"article:modified_time\" content=\"2023-12-05T16:45:53+00:00\" \/>\n<meta property=\"og:image\" content=\"https:\/\/eventbooking.top\/wp-content\/uploads\/2023\/11\/221-Outstanding-view-from-Padel-courts-at-Resort-Oller-del-Mas-Resort-for-Mimon-Business-Retreats-at-the-Padel-Clinic-Academy-Maresme-Catalunya-Barcelona-Spain.jpg\" \/>\n<meta name=\"twitter:card\" content=\"summary_large_image\" \/>\n<meta name=\"twitter:title\" content=\"Pol\u00edtica de Privacidad - Eventbooking.top y Bee-Padel.com\" \/>\n<meta name=\"twitter:description\" content=\"Aqu\u00ed presentamos nuestra pol\u00edtica de Privacidad. Aqu\u00ed queda claro c\u00f3mo pensamos sobre la Privacidad en el sitio web y en Padel Academy, Venta de productos.\" \/>\n<meta name=\"twitter:image\" content=\"https:\/\/eventbooking.top\/wp-content\/uploads\/2023\/11\/221-Outstanding-view-from-Padel-courts-at-Resort-Oller-del-Mas-Resort-for-Mimon-Business-Retreats-at-the-Padel-Clinic-Academy-Maresme-Catalunya-Barcelona-Spain.jpg\" \/>\n<meta name=\"twitter:site\" content=\"@PadelEvent\" \/>\n<meta name=\"twitter:label1\" content=\"Tiempo de lectura\" \/>\n\t<meta name=\"twitter:data1\" content=\"7 minutos\" \/>\n<script type=\"application\/ld+json\" class=\"yoast-schema-graph\">{\"@context\":\"https:\\\/\\\/schema.org\",\"@graph\":[{\"@type\":\"WebPage\",\"@id\":\"https:\\\/\\\/eventbooking.top\\\/es\\\/politica-de-privacidad\\\/\",\"url\":\"https:\\\/\\\/eventbooking.top\\\/es\\\/politica-de-privacidad\\\/\",\"name\":\"Pol\u00edtica de Privacidad - Eventbooking.top y Bee-Padel.com\",\"isPartOf\":{\"@id\":\"https:\\\/\\\/eventbooking.top\\\/es\\\/#website\"},\"primaryImageOfPage\":{\"@id\":\"https:\\\/\\\/eventbooking.top\\\/es\\\/politica-de-privacidad\\\/#primaryimage\"},\"image\":{\"@id\":\"https:\\\/\\\/eventbooking.top\\\/es\\\/politica-de-privacidad\\\/#primaryimage\"},\"thumbnailUrl\":\"https:\\\/\\\/eventbooking.top\\\/wp-content\\\/uploads\\\/2023\\\/11\\\/221-Outstanding-view-from-Padel-courts-at-Resort-Oller-del-Mas-Resort-for-Mimon-Business-Retreats-at-the-Padel-Clinic-Academy-Maresme-Catalunya-Barcelona-Spain.jpg\",\"datePublished\":\"2023-12-03T12:00:31+00:00\",\"dateModified\":\"2023-12-05T16:45:53+00:00\",\"description\":\"Aqu\u00ed presentamos nuestra pol\u00edtica de Privacidad. Aqu\u00ed queda claro c\u00f3mo pensamos sobre la Privacidad en el sitio web y en Padel Academy, Venta de productos.\",\"breadcrumb\":{\"@id\":\"https:\\\/\\\/eventbooking.top\\\/es\\\/politica-de-privacidad\\\/#breadcrumb\"},\"inLanguage\":\"es\",\"potentialAction\":[{\"@type\":\"ReadAction\",\"target\":[\"https:\\\/\\\/eventbooking.top\\\/es\\\/politica-de-privacidad\\\/\"]}]},{\"@type\":\"ImageObject\",\"inLanguage\":\"es\",\"@id\":\"https:\\\/\\\/eventbooking.top\\\/es\\\/politica-de-privacidad\\\/#primaryimage\",\"url\":\"https:\\\/\\\/eventbooking.top\\\/wp-content\\\/uploads\\\/2023\\\/11\\\/221-Outstanding-view-from-Padel-courts-at-Resort-Oller-del-Mas-Resort-for-Mimon-Business-Retreats-at-the-Padel-Clinic-Academy-Maresme-Catalunya-Barcelona-Spain.jpg\",\"contentUrl\":\"https:\\\/\\\/eventbooking.top\\\/wp-content\\\/uploads\\\/2023\\\/11\\\/221-Outstanding-view-from-Padel-courts-at-Resort-Oller-del-Mas-Resort-for-Mimon-Business-Retreats-at-the-Padel-Clinic-Academy-Maresme-Catalunya-Barcelona-Spain.jpg\",\"width\":730,\"height\":487,\"caption\":\"Outstanding view from Padel courts at Resort Oller del Mas Resort for Mimon Business Retreats at the Padel Clinic, Academy, Privacy Policy\"},{\"@type\":\"BreadcrumbList\",\"@id\":\"https:\\\/\\\/eventbooking.top\\\/es\\\/politica-de-privacidad\\\/#breadcrumb\",\"itemListElement\":[{\"@type\":\"ListItem\",\"position\":1,\"name\":\"Home\",\"item\":\"https:\\\/\\\/eventbooking.top\\\/es\\\/\"},{\"@type\":\"ListItem\",\"position\":2,\"name\":\"Pol\u00edtica de Privacidad\"}]},{\"@type\":\"WebSite\",\"@id\":\"https:\\\/\\\/eventbooking.top\\\/es\\\/#website\",\"url\":\"https:\\\/\\\/eventbooking.top\\\/es\\\/\",\"name\":\"Intensive Padel Academy, Clinics, Camps and Retreats, Barcelona, Spain and Worldwide\",\"description\":\"Elevate your Padel skills with a giant leap in just 3 or 5 intensive days under the Barcelona sun\",\"publisher\":{\"@id\":\"https:\\\/\\\/eventbooking.top\\\/es\\\/#organization\"},\"alternateName\":\"Padel Academy, Clinics, Camps and Retreats\",\"potentialAction\":[{\"@type\":\"SearchAction\",\"target\":{\"@type\":\"EntryPoint\",\"urlTemplate\":\"https:\\\/\\\/eventbooking.top\\\/es\\\/?s={search_term_string}\"},\"query-input\":{\"@type\":\"PropertyValueSpecification\",\"valueRequired\":true,\"valueName\":\"search_term_string\"}}],\"inLanguage\":\"es\"},{\"@type\":\"Organization\",\"@id\":\"https:\\\/\\\/eventbooking.top\\\/es\\\/#organization\",\"name\":\"Event Booking\",\"alternateName\":\"Bee-Padel\",\"url\":\"https:\\\/\\\/eventbooking.top\\\/es\\\/\",\"logo\":{\"@type\":\"ImageObject\",\"inLanguage\":\"es\",\"@id\":\"https:\\\/\\\/eventbooking.top\\\/es\\\/#\\\/schema\\\/logo\\\/image\\\/\",\"url\":\"https:\\\/\\\/eventbooking.top\\\/wp-content\\\/uploads\\\/2023\\\/12\\\/Logo-Eventbooking.top-and-Bee-Padel.com_-2.svg\",\"contentUrl\":\"https:\\\/\\\/eventbooking.top\\\/wp-content\\\/uploads\\\/2023\\\/12\\\/Logo-Eventbooking.top-and-Bee-Padel.com_-2.svg\",\"width\":263,\"height\":263,\"caption\":\"Event Booking\"},\"image\":{\"@id\":\"https:\\\/\\\/eventbooking.top\\\/es\\\/#\\\/schema\\\/logo\\\/image\\\/\"},\"sameAs\":[\"https:\\\/\\\/www.facebook.com\\\/EventBookingPadel\\\/\",\"https:\\\/\\\/x.com\\\/PadelEvent\",\"https:\\\/\\\/www.instagram.com\\\/eventbookingpadel\\\/\"]}]}<\/script>\n<!-- \/ Yoast SEO plugin. -->","yoast_head_json":{"title":"Pol\u00edtica de Privacidad - Eventbooking.top y Bee-Padel.com","description":"Aqu\u00ed presentamos nuestra pol\u00edtica de Privacidad. Aqu\u00ed queda claro c\u00f3mo pensamos sobre la Privacidad en el sitio web y en Padel Academy, Venta de productos.","robots":{"index":"index","follow":"follow","max-snippet":"max-snippet:-1","max-image-preview":"max-image-preview:large","max-video-preview":"max-video-preview:-1"},"canonical":"https:\/\/eventbooking.top\/es\/politica-de-privacidad\/","og_locale":"es_ES","og_type":"article","og_title":"Pol\u00edtica de Privacidad - Eventbooking.top y Bee-Padel.com","og_description":"Aqu\u00ed presentamos nuestra pol\u00edtica de Privacidad. Aqu\u00ed queda claro c\u00f3mo pensamos sobre la Privacidad en el sitio web y en Padel Academy, Venta de productos.","og_url":"https:\/\/eventbooking.top\/es\/politica-de-privacidad\/","og_site_name":"Intensive Padel Clinics, Barcelona, Spain","article_publisher":"https:\/\/www.facebook.com\/EventBookingPadel\/","article_modified_time":"2023-12-05T16:45:53+00:00","og_image":[{"url":"https:\/\/eventbooking.top\/wp-content\/uploads\/2023\/11\/221-Outstanding-view-from-Padel-courts-at-Resort-Oller-del-Mas-Resort-for-Mimon-Business-Retreats-at-the-Padel-Clinic-Academy-Maresme-Catalunya-Barcelona-Spain.jpg","type":"","width":"","height":""}],"twitter_card":"summary_large_image","twitter_title":"Pol\u00edtica de Privacidad - Eventbooking.top y Bee-Padel.com","twitter_description":"Aqu\u00ed presentamos nuestra pol\u00edtica de Privacidad. Aqu\u00ed queda claro c\u00f3mo pensamos sobre la Privacidad en el sitio web y en Padel Academy, Venta de productos.","twitter_image":"https:\/\/eventbooking.top\/wp-content\/uploads\/2023\/11\/221-Outstanding-view-from-Padel-courts-at-Resort-Oller-del-Mas-Resort-for-Mimon-Business-Retreats-at-the-Padel-Clinic-Academy-Maresme-Catalunya-Barcelona-Spain.jpg","twitter_site":"@PadelEvent","twitter_misc":{"Tiempo de lectura":"7 minutos"},"schema":{"@context":"https:\/\/schema.org","@graph":[{"@type":"WebPage","@id":"https:\/\/eventbooking.top\/es\/politica-de-privacidad\/","url":"https:\/\/eventbooking.top\/es\/politica-de-privacidad\/","name":"Pol\u00edtica de Privacidad - Eventbooking.top y Bee-Padel.com","isPartOf":{"@id":"https:\/\/eventbooking.top\/es\/#website"},"primaryImageOfPage":{"@id":"https:\/\/eventbooking.top\/es\/politica-de-privacidad\/#primaryimage"},"image":{"@id":"https:\/\/eventbooking.top\/es\/politica-de-privacidad\/#primaryimage"},"thumbnailUrl":"https:\/\/eventbooking.top\/wp-content\/uploads\/2023\/11\/221-Outstanding-view-from-Padel-courts-at-Resort-Oller-del-Mas-Resort-for-Mimon-Business-Retreats-at-the-Padel-Clinic-Academy-Maresme-Catalunya-Barcelona-Spain.jpg","datePublished":"2023-12-03T12:00:31+00:00","dateModified":"2023-12-05T16:45:53+00:00","description":"Aqu\u00ed presentamos nuestra pol\u00edtica de Privacidad. Aqu\u00ed queda claro c\u00f3mo pensamos sobre la Privacidad en el sitio web y en Padel Academy, Venta de productos.","breadcrumb":{"@id":"https:\/\/eventbooking.top\/es\/politica-de-privacidad\/#breadcrumb"},"inLanguage":"es","potentialAction":[{"@type":"ReadAction","target":["https:\/\/eventbooking.top\/es\/politica-de-privacidad\/"]}]},{"@type":"ImageObject","inLanguage":"es","@id":"https:\/\/eventbooking.top\/es\/politica-de-privacidad\/#primaryimage","url":"https:\/\/eventbooking.top\/wp-content\/uploads\/2023\/11\/221-Outstanding-view-from-Padel-courts-at-Resort-Oller-del-Mas-Resort-for-Mimon-Business-Retreats-at-the-Padel-Clinic-Academy-Maresme-Catalunya-Barcelona-Spain.jpg","contentUrl":"https:\/\/eventbooking.top\/wp-content\/uploads\/2023\/11\/221-Outstanding-view-from-Padel-courts-at-Resort-Oller-del-Mas-Resort-for-Mimon-Business-Retreats-at-the-Padel-Clinic-Academy-Maresme-Catalunya-Barcelona-Spain.jpg","width":730,"height":487,"caption":"Outstanding view from Padel courts at Resort Oller del Mas Resort for Mimon Business Retreats at the Padel Clinic, Academy, Privacy Policy"},{"@type":"BreadcrumbList","@id":"https:\/\/eventbooking.top\/es\/politica-de-privacidad\/#breadcrumb","itemListElement":[{"@type":"ListItem","position":1,"name":"Home","item":"https:\/\/eventbooking.top\/es\/"},{"@type":"ListItem","position":2,"name":"Pol\u00edtica de Privacidad"}]},{"@type":"WebSite","@id":"https:\/\/eventbooking.top\/es\/#website","url":"https:\/\/eventbooking.top\/es\/","name":"Intensive Padel Academy, Clinics, Camps and Retreats, Barcelona, Spain and Worldwide","description":"Elevate your Padel skills with a giant leap in just 3 or 5 intensive days under the Barcelona sun","publisher":{"@id":"https:\/\/eventbooking.top\/es\/#organization"},"alternateName":"Padel Academy, Clinics, Camps and Retreats","potentialAction":[{"@type":"SearchAction","target":{"@type":"EntryPoint","urlTemplate":"https:\/\/eventbooking.top\/es\/?s={search_term_string}"},"query-input":{"@type":"PropertyValueSpecification","valueRequired":true,"valueName":"search_term_string"}}],"inLanguage":"es"},{"@type":"Organization","@id":"https:\/\/eventbooking.top\/es\/#organization","name":"Event Booking","alternateName":"Bee-Padel","url":"https:\/\/eventbooking.top\/es\/","logo":{"@type":"ImageObject","inLanguage":"es","@id":"https:\/\/eventbooking.top\/es\/#\/schema\/logo\/image\/","url":"https:\/\/eventbooking.top\/wp-content\/uploads\/2023\/12\/Logo-Eventbooking.top-and-Bee-Padel.com_-2.svg","contentUrl":"https:\/\/eventbooking.top\/wp-content\/uploads\/2023\/12\/Logo-Eventbooking.top-and-Bee-Padel.com_-2.svg","width":263,"height":263,"caption":"Event Booking"},"image":{"@id":"https:\/\/eventbooking.top\/es\/#\/schema\/logo\/image\/"},"sameAs":["https:\/\/www.facebook.com\/EventBookingPadel\/","https:\/\/x.com\/PadelEvent","https:\/\/www.instagram.com\/eventbookingpadel\/"]}]}},"_links":{"self":[{"href":"https:\/\/eventbooking.top\/es\/wp-json\/wp\/v2\/pages\/10620","targetHints":{"allow":["GET"]}}],"collection":[{"href":"https:\/\/eventbooking.top\/es\/wp-json\/wp\/v2\/pages"}],"about":[{"href":"https:\/\/eventbooking.top\/es\/wp-json\/wp\/v2\/types\/page"}],"author":[{"embeddable":true,"href":"https:\/\/eventbooking.top\/es\/wp-json\/wp\/v2\/users\/1"}],"replies":[{"embeddable":true,"href":"https:\/\/eventbooking.top\/es\/wp-json\/wp\/v2\/comments?post=10620"}],"version-history":[{"count":8,"href":"https:\/\/eventbooking.top\/es\/wp-json\/wp\/v2\/pages\/10620\/revisions"}],"predecessor-version":[{"id":10650,"href":"https:\/\/eventbooking.top\/es\/wp-json\/wp\/v2\/pages\/10620\/revisions\/10650"}],"wp:featuredmedia":[{"embeddable":true,"href":"https:\/\/eventbooking.top\/es\/wp-json\/wp\/v2\/media\/10149"}],"wp:attachment":[{"href":"https:\/\/eventbooking.top\/es\/wp-json\/wp\/v2\/media?parent=10620"}],"curies":[{"name":"wp","href":"https:\/\/api.w.org\/{rel}","templated":true}]}}