{"id":10610,"date":"2022-04-19T09:33:11","date_gmt":"2022-04-19T09:33:11","guid":{"rendered":"https:\/\/eventbooking.top\/refund-and-return-policy\/"},"modified":"2023-12-04T16:33:54","modified_gmt":"2023-12-04T16:33:54","slug":"politica-de-reembolso-y-devolucion","status":"publish","type":"page","link":"https:\/\/eventbooking.top\/es\/politica-de-reembolso-y-devolucion\/","title":{"rendered":"Pol\u00edtica de Reembolso y Devoluci\u00f3n"},"content":{"rendered":"&#13;\n<h1>Here is our Refund and Return Policy<\/h1>&#13;\n<h2>Refund and Return Policy<\/h2>&#13;\n<h3><strong>Can you cancel an order?<\/strong><\/h3>&#13;\n<p>Hasta que hayamos comenzado a recoger los bienes o servicios, puedes cancelar el pedido. Puedes cancelar tu pedido aqu\u00ed: <a href=\"mailto:admin@eventbooking.top\" target=\"_new\" rel=\"noopener\">admin@eventbooking.top<\/a>.<\/p>&#13;\n<p><strong>\u00bfC\u00f3mo puedes devolver un pedido?<\/strong><\/p>&#13;\n<p>Si ya has recibido o reservado el pedido, puedes cancelarlo o devolverlo dentro de los 14 d\u00edas. En el caso de una reserva, puedes cancelar hasta 14 d\u00edas con un reembolso del 100%. Registra tu devoluci\u00f3n a trav\u00e9s del formulario de contacto en nuestro sitio web. Solo recibir\u00e1s los costos originales de env\u00edo del art\u00edculo devuelto. T\u00fa pagas el env\u00edo de devoluci\u00f3n.<\/p>&#13;\n<p>Tambi\u00e9n puedes optar por devolver un producto a uno de los puntos de recogida de UPS (o a otra empresa de transporte utilizada en tu caso espec\u00edfico). Esto es posible hasta 14 d\u00edas despu\u00e9s de la entrega. Adem\u00e1s de los productos en (o con) el embalaje original, incluye tambi\u00e9n el correo electr\u00f3nico con la confirmaci\u00f3n del pedido, la confirmaci\u00f3n del pago y\/o la nota de env\u00edo del producto.<\/p>&#13;\n<p><strong>\u00bfC\u00f3mo puedes devolver un servicio?<\/strong><\/p>&#13;\n<p>Si ya has reservado, puedes cancelar dentro de los 14 d\u00edas. En caso de que hayas reservado, puedes cancelar hasta 14 d\u00edas con un reembolso del 100%. Registra tu devoluci\u00f3n a trav\u00e9s del formulario de contacto en nuestro sitio web.<\/p>&#13;\n<p>\u00a1Presta atenci\u00f3n! Si has pagado tu pedido a trav\u00e9s de PayPal, entonces el reembolso se realizar\u00e1 a trav\u00e9s de PayPal despu\u00e9s de procesar tu devoluci\u00f3n.<\/p>&#13;\n<p>Cuando hayas pagado tu pedido mediante transferencia bancaria, despu\u00e9s de procesar tu devoluci\u00f3n, el reembolso se realizar\u00e1 a trav\u00e9s de la misma cuenta bancaria.<\/p>&#13;\n<p>Si has pagado con otro m\u00e9todo, realizaremos el reembolso de la misma manera.<\/p>&#13;\n<p>Si un art\u00edculo no est\u00e1 en stock, puedes ponerte en lista de espera para el art\u00edculo y recibir\u00e1s una notificaci\u00f3n cuando est\u00e9 disponible para su compra.<\/p>&#13;\n<p><strong>\u00bfQu\u00e9 sucede si falta o est\u00e1 da\u00f1ado un producto?<\/strong><\/p>&#13;\n<p>El d\u00eda de la entrega, nuestro personal de entrega determinar\u00e1 si faltan productos. Si es el caso, se pondr\u00e1n en contacto con nuestro servicio de atenci\u00f3n al cliente. Sin embargo, con pedidos grandes, es posible que descubras que falta un producto despu\u00e9s de que el personal de entrega se haya ido. En ese caso, cont\u00e1ctanos para que podamos resolver el problema lo m\u00e1s r\u00e1pido posible. Esto se aplica a todas las entregas.<\/p>&#13;\n<p>Nuestro personal de entrega tambi\u00e9n verifica si los art\u00edculos han sido da\u00f1ados durante la entrega de tu pedido. Inspeccionan el art\u00edculo da\u00f1ado y verifican si el da\u00f1o es superficial, por ejemplo, solo en el embalaje, y discuten contigo c\u00f3mo quieres proceder. Si est\u00e1 claro que el producto est\u00e1 da\u00f1ado, el personal de entrega se pondr\u00e1 en contacto con nuestro servicio de atenci\u00f3n al cliente, que resolver\u00e1 el problema por ti.<\/p>&#13;\n<p><strong>\u00bfC\u00f3mo puedes recuperar tu dinero?<\/strong><\/p>&#13;\n<p>Para reducir al m\u00ednimo la posibilidad de fraude, el dinero siempre se reembolsa a trav\u00e9s del m\u00e9todo de pago que se utiliz\u00f3 en l\u00ednea. Entonces, si has pagado con tarjeta de cr\u00e9dito, ver\u00e1s el monto reembolsado en la pr\u00f3xima factura de tu tarjeta de cr\u00e9dito.<\/p>&#13;\n<p>Si has elegido pagar mediante transferencia bancaria, el reembolso o la liquidaci\u00f3n se realizar\u00e1 en la misma cuenta bancaria.<\/p>&#13;\n<p>Recibir\u00e1s el precio de compra de los productos devueltos y los costos de env\u00edo originales (para devoluciones dentro de los 14 d\u00edas), despu\u00e9s de deducir cualquier deducci\u00f3n aplicable. Por ejemplo, si has recogido productos porque cambiaste de opini\u00f3n, deduciremos los costos de recogida del monto que recibes.<\/p>&#13;\n<p><strong>\u00bfQu\u00e9 sucede si no quiero el producto?<\/strong><\/p>&#13;\n<p>Puede suceder que cambies de opini\u00f3n despu\u00e9s de comprar un producto a trav\u00e9s de nuestro sitio web. Tienes 14 d\u00edas naturales despu\u00e9s de recibir el producto para informarnos sin ning\u00fan motivo que has cambiado de opini\u00f3n y disolver la compra. Esto se puede hacer por correo electr\u00f3nico, a trav\u00e9s del contacto en el sitio web o por tel\u00e9fono. Luego, devuelve el producto a tu cargo a la direcci\u00f3n que hemos proporcionado para la entrega o devu\u00e9lvelo a uno de los puntos de recogida de UPS. Si el producto es grande y se entreg\u00f3 por cami\u00f3n, puedes hacer que lo recojan con pago.<\/p>&#13;\n<p>Al devolver, ten en cuenta que:<\/p>&#13;\n<ul>&#13;\n<li>You send the original packaging.<\/li>&#13;\n<li>The product is not damaged, or if it concerns a consumable product (such as Padel rackets or Padel balls, etc.), has been visibly used;<\/li>&#13;\n<li>Send or show you (a copy of) the signed consignment notes of the product.<\/li>&#13;\n<\/ul>&#13;\n<p>Env\u00edas el embalaje original.&#13;\nEl producto no est\u00e1 da\u00f1ado, o si es un producto consumible (como raquetas o pelotas de p\u00e1del, etc.), no ha sido visiblemente usado;&#13;\nEnv\u00edas o muestras (una copia de) los documentos de transporte firmados del producto.&#13;\n<\/p>&#13;\n<p>Si se cumplen estas condiciones y devuelves todo el pedido, recibir\u00e1s el monto que nos pagaste por el producto, incluidos los costos de env\u00edo, dentro de los 14 d\u00edas despu\u00e9s de que nos informes que has disuelto la compra.&#13;\n&#13;\nA veces necesitaremos tu cooperaci\u00f3n para verificar si se han cumplido las condiciones mencionadas anteriormente.<\/p>&#13;\n<p>Nos reservamos el derecho de rechazar un reembolso o intercambio de productos si no se cumplen las condiciones mencionadas anteriormente. Esto es para evitar el mal uso de esta regulaci\u00f3n.<\/p>&#13;\n<p><strong>\u00bfQu\u00e9 sucede si hay un problema con un producto (garant\u00edas)?<\/strong><\/p>&#13;\n<p>Prestamos mucha atenci\u00f3n a la calidad de nuestros productos y de terceros suministrados por nosotros. Si no est\u00e1s satisfecho con uno de nuestros productos porque no funciona, no se puede usar correctamente o porque hay algo mal con el material con el que se fabric\u00f3, av\u00edsanos dentro de dos meses despu\u00e9s de que hayas descubierto el problema. Debe ser un producto que hayas comprado a trav\u00e9s de nuestro sitio web.<\/p>&#13;\n<p><strong>\u00bfCu\u00e1l es el per\u00edodo de garant\u00eda?<\/strong><\/p>&#13;\n<p>Para todos los productos comprados con nosotros, se aplica un per\u00edodo de garant\u00eda de 1 a\u00f1o desde el momento en que compraste el producto.<\/p>&#13;\n<p>Por \u00abgarant\u00eda\u00bb nos referimos a que garantizamos que el producto funciona y se puede usar como se describe en la descripci\u00f3n del producto y en la descripci\u00f3n del producto, y que no contiene defectos de material.<\/p>&#13;\n<p><strong>\u00bfCu\u00e1les son las condiciones de garant\u00eda?<\/strong><\/p>&#13;\n<p>Si nos informas que no est\u00e1s satisfecho con un producto, ten en cuenta que, para hacer uso del esquema de garant\u00eda:<\/p>&#13;\n<ul>&#13;\n<li>You must show (a copy of) the signed waybill for the product;<\/li>&#13;\n<li>You have taken into account two months to make your complaint known to us or have a good reason not to comply with this period;<\/li>&#13;\n<li>The reason for the complaint is not the result of improper use of the product, for example, because you dropped it or struck it or that you used it for a purpose other than the one for which it was intended, did not properly maintain or have it repaired by a third party;<\/li>&#13;\n<li>The reason for the complaint is not the result of circumstances outside the product itself, such as damage to the product while you are transporting, discolouration of a Padel racket by sunlight, the wetting of a product because the room is too humid, that another object struck it;<\/li>&#13;\n<li>The reason for the complaint is not the result of normal wear and tear, normal consumption (such as consumption products such as padel balls) or normal ageing of the product;<\/li>&#13;\n<li>The warranty periods do not apply to products that you have purchased in the sale.<\/li>&#13;\n<\/ul>&#13;\n<p>Debes mostrar (una copia de) la carta de porte firmada para el producto;&#13;\nHas tenido en cuenta dos meses para informarnos de tu queja o tienes una buena raz\u00f3n para no cumplir con este per\u00edodo;&#13;\nLa raz\u00f3n de la queja no es el resultado del uso indebido del producto, por ejemplo, porque lo dejaste caer o lo golpeaste, o porque lo usaste para un prop\u00f3sito diferente al previsto, no lo manten\u00edas adecuadamente o lo reparabas con un tercero;&#13;\nLa raz\u00f3n de la queja no es el resultado de circunstancias fuera del producto en s\u00ed, como da\u00f1os al producto mientras lo transportas, decoloraci\u00f3n de una raqueta de p\u00e1del por la luz solar, la humedad de un producto porque la habitaci\u00f3n est\u00e1 demasiado h\u00fameda, que otro objeto lo golpe\u00f3;&#13;\nLa raz\u00f3n de la queja no es el resultado del desgaste normal, el consumo normal (como productos de consumo como pelotas de p\u00e1del) o el envejecimiento normal del producto;&#13;\nLos per\u00edodos de garant\u00eda no se aplican a productos que hayas comprado en la venta.&#13;\n&#13;\nTen en cuenta tambi\u00e9n que pueden aplicarse condiciones de garant\u00eda adicionales a ciertos productos.<\/p>&#13;\n<p><strong>\u00bfCu\u00e1l es el procedimiento de garant\u00eda?<\/strong><\/p>&#13;\n<p>Examinamos el producto y determinamos si el problema est\u00e1 cubierto por el esquema de garant\u00eda. A veces necesitaremos tu cooperaci\u00f3n para verificar si se han cumplido las condiciones de garant\u00eda mencionadas anteriormente.<\/p>&#13;\n<p>Si determinamos que un producto est\u00e1 cubierto por el esquema de garant\u00eda, primero podemos intentar reparar el producto. Si eso no funciona, si no es posible o si la reparaci\u00f3n no es realista, podemos intentar reemplazar el producto con otro. Si vamos a reparar, los costos asociados con la reparaci\u00f3n corren por nuestra cuenta. Esto tambi\u00e9n se aplica al reemplazo. Los costos razonables que hayas incurrido para reparar el producto solo ser\u00e1n reembolsados por nosotros si no lo reparamos a tiempo despu\u00e9s del informe. Lo que es \u00aba tiempo\u00bb debemos verlo seg\u00fan el problema del producto.<\/p>&#13;\n<p>Si no podemos reparar o reemplazar el producto (a tiempo), puedes rescindir la compra si es razonable, dada la problem\u00e1tica del producto. Luego recibir\u00e1s el precio de compra del producto y deber\u00e1s devolvernos el producto. Tambi\u00e9n puedes solicitar un reembolso de parte del precio de compra; esto debe estar en una proporci\u00f3n razonable con el problema del producto.<\/p>&#13;\n<p>Incluso si el problema est\u00e1 en una parte del producto y ya no podemos suministrar esa parte, se aplica el procedimiento anterior.<\/p>&#13;\n<p>Adem\u00e1s de las garant\u00edas, siempre conservas los derechos que tienes seg\u00fan la ley que se aplica en el pa\u00eds de entrega.<\/p>&#13;\n","protected":false},"excerpt":{"rendered":"<p>&#13; Here is our Refund and Return Policy &#13; Refund and Return Policy &#13; Can you cancel an order? &#13; Hasta que hayamos comenzado a recoger los bienes o servicios, puedes cancelar el pedido. Puedes cancelar tu pedido aqu\u00ed: admin@eventbooking.top. &#13; \u00bfC\u00f3mo puedes devolver un&#8230;<\/p>\n","protected":false},"author":1,"featured_media":9661,"parent":0,"menu_order":0,"comment_status":"closed","ping_status":"closed","template":"","meta":{"footnotes":""},"class_list":["post-10610","page","type-page","status-publish","has-post-thumbnail","hentry"],"yoast_head":"<!-- This site is optimized with the Yoast SEO plugin v27.4 - https:\/\/yoast.com\/product\/yoast-seo-wordpress\/ -->\n<title>Pol\u00edtica de reembolsos y devoluciones - Eventbooking.top y Bee-Padel.com<\/title>\n<meta name=\"description\" content=\"Aqu\u00ed encontrar\u00e1s la Pol\u00edtica de Reembolsos y Devoluciones de eventbooking.top y Bee-Padel.com para sacarle el m\u00e1ximo partido a Padel Academy y otras compras.\" \/>\n<meta name=\"robots\" content=\"index, follow, max-snippet:-1, max-image-preview:large, max-video-preview:-1\" \/>\n<link rel=\"canonical\" href=\"https:\/\/eventbooking.top\/es\/politica-de-reembolso-y-devolucion\/\" \/>\n<meta property=\"og:locale\" content=\"es_ES\" \/>\n<meta property=\"og:type\" content=\"article\" \/>\n<meta property=\"og:title\" content=\"Pol\u00edtica de reembolsos y devoluciones - Eventbooking.top y Bee-Padel.com\" \/>\n<meta property=\"og:description\" content=\"Aqu\u00ed encontrar\u00e1s la Pol\u00edtica de Reembolsos y Devoluciones de eventbooking.top y Bee-Padel.com para sacarle el m\u00e1ximo partido a Padel Academy y otras compras.\" \/>\n<meta property=\"og:url\" content=\"https:\/\/eventbooking.top\/es\/politica-de-reembolso-y-devolucion\/\" \/>\n<meta property=\"og:site_name\" content=\"Intensive Padel Clinics, Barcelona, Spain\" \/>\n<meta property=\"article:publisher\" content=\"https:\/\/www.facebook.com\/EventBookingPadel\/\" \/>\n<meta property=\"article:modified_time\" content=\"2023-12-04T16:33:54+00:00\" \/>\n<meta property=\"og:image\" content=\"https:\/\/eventbooking.top\/wp-content\/uploads\/2023\/11\/95-Padel-racket-ins-and-outs-how-are-they-made-why-and-how-to-find-a-good-racket-at-the-restaurant-Emocions-Sorli-Vilassar-de-Dalt-Barcelona-Spain-Shooter-Corial-Apache-Nox-Padelator.jpg\" \/>\n<meta name=\"twitter:card\" content=\"summary_large_image\" \/>\n<meta name=\"twitter:title\" content=\"Pol\u00edtica de reembolsos y devoluciones - Eventbooking.top y Bee-Padel.com\" \/>\n<meta name=\"twitter:description\" content=\"Aqu\u00ed encontrar\u00e1s la Pol\u00edtica de Reembolsos y Devoluciones de eventbooking.top y Bee-Padel.com para sacarle el m\u00e1ximo partido a Padel Academy y otras compras.\" \/>\n<meta name=\"twitter:image\" content=\"https:\/\/eventbooking.top\/wp-content\/uploads\/2023\/11\/95-Padel-racket-ins-and-outs-how-are-they-made-why-and-how-to-find-a-good-racket-at-the-restaurant-Emocions-Sorli-Vilassar-de-Dalt-Barcelona-Spain-Shooter-Corial-Apache-Nox-Padelator.jpg\" \/>\n<meta name=\"twitter:site\" content=\"@PadelEvent\" \/>\n<meta name=\"twitter:label1\" content=\"Tiempo de lectura\" \/>\n\t<meta name=\"twitter:data1\" content=\"9 minutos\" \/>\n<script type=\"application\/ld+json\" class=\"yoast-schema-graph\">{\"@context\":\"https:\\\/\\\/schema.org\",\"@graph\":[{\"@type\":\"WebPage\",\"@id\":\"https:\\\/\\\/eventbooking.top\\\/es\\\/politica-de-reembolso-y-devolucion\\\/\",\"url\":\"https:\\\/\\\/eventbooking.top\\\/es\\\/politica-de-reembolso-y-devolucion\\\/\",\"name\":\"Pol\u00edtica de reembolsos y devoluciones - Eventbooking.top y Bee-Padel.com\",\"isPartOf\":{\"@id\":\"https:\\\/\\\/eventbooking.top\\\/es\\\/#website\"},\"primaryImageOfPage\":{\"@id\":\"https:\\\/\\\/eventbooking.top\\\/es\\\/politica-de-reembolso-y-devolucion\\\/#primaryimage\"},\"image\":{\"@id\":\"https:\\\/\\\/eventbooking.top\\\/es\\\/politica-de-reembolso-y-devolucion\\\/#primaryimage\"},\"thumbnailUrl\":\"https:\\\/\\\/eventbooking.top\\\/wp-content\\\/uploads\\\/2023\\\/11\\\/95-Padel-racket-ins-and-outs-how-are-they-made-why-and-how-to-find-a-good-racket-at-the-restaurant-Emocions-Sorli-Vilassar-de-Dalt-Barcelona-Spain-Shooter-Corial-Apache-Nox-Padelator.jpg\",\"datePublished\":\"2022-04-19T09:33:11+00:00\",\"dateModified\":\"2023-12-04T16:33:54+00:00\",\"description\":\"Aqu\u00ed encontrar\u00e1s la Pol\u00edtica de Reembolsos y Devoluciones de eventbooking.top y Bee-Padel.com para sacarle el m\u00e1ximo partido a Padel Academy y otras compras.\",\"breadcrumb\":{\"@id\":\"https:\\\/\\\/eventbooking.top\\\/es\\\/politica-de-reembolso-y-devolucion\\\/#breadcrumb\"},\"inLanguage\":\"es\",\"potentialAction\":[{\"@type\":\"ReadAction\",\"target\":[\"https:\\\/\\\/eventbooking.top\\\/es\\\/politica-de-reembolso-y-devolucion\\\/\"]}]},{\"@type\":\"ImageObject\",\"inLanguage\":\"es\",\"@id\":\"https:\\\/\\\/eventbooking.top\\\/es\\\/politica-de-reembolso-y-devolucion\\\/#primaryimage\",\"url\":\"https:\\\/\\\/eventbooking.top\\\/wp-content\\\/uploads\\\/2023\\\/11\\\/95-Padel-racket-ins-and-outs-how-are-they-made-why-and-how-to-find-a-good-racket-at-the-restaurant-Emocions-Sorli-Vilassar-de-Dalt-Barcelona-Spain-Shooter-Corial-Apache-Nox-Padelator.jpg\",\"contentUrl\":\"https:\\\/\\\/eventbooking.top\\\/wp-content\\\/uploads\\\/2023\\\/11\\\/95-Padel-racket-ins-and-outs-how-are-they-made-why-and-how-to-find-a-good-racket-at-the-restaurant-Emocions-Sorli-Vilassar-de-Dalt-Barcelona-Spain-Shooter-Corial-Apache-Nox-Padelator.jpg\",\"width\":730,\"height\":487,\"caption\":\"Padel racket ins and outs, how are they made, why and how to find a good racket, at the restaurant Emocions Sorli, Vilassar de Dalt, Barcelona, Spain, Shooter, Corial, Apache, Nox, Padelator\"},{\"@type\":\"BreadcrumbList\",\"@id\":\"https:\\\/\\\/eventbooking.top\\\/es\\\/politica-de-reembolso-y-devolucion\\\/#breadcrumb\",\"itemListElement\":[{\"@type\":\"ListItem\",\"position\":1,\"name\":\"Home\",\"item\":\"https:\\\/\\\/eventbooking.top\\\/es\\\/\"},{\"@type\":\"ListItem\",\"position\":2,\"name\":\"Pol\u00edtica de Reembolso y Devoluci\u00f3n\"}]},{\"@type\":\"WebSite\",\"@id\":\"https:\\\/\\\/eventbooking.top\\\/es\\\/#website\",\"url\":\"https:\\\/\\\/eventbooking.top\\\/es\\\/\",\"name\":\"Intensive Padel Academy, Clinics, Camps and Retreats, Barcelona, Spain and Worldwide\",\"description\":\"Elevate your Padel skills with a giant leap in just 3 or 5 intensive days under the Barcelona sun\",\"publisher\":{\"@id\":\"https:\\\/\\\/eventbooking.top\\\/es\\\/#organization\"},\"alternateName\":\"Padel Academy, Clinics, Camps and Retreats\",\"potentialAction\":[{\"@type\":\"SearchAction\",\"target\":{\"@type\":\"EntryPoint\",\"urlTemplate\":\"https:\\\/\\\/eventbooking.top\\\/es\\\/?s={search_term_string}\"},\"query-input\":{\"@type\":\"PropertyValueSpecification\",\"valueRequired\":true,\"valueName\":\"search_term_string\"}}],\"inLanguage\":\"es\"},{\"@type\":\"Organization\",\"@id\":\"https:\\\/\\\/eventbooking.top\\\/es\\\/#organization\",\"name\":\"Event Booking\",\"alternateName\":\"Bee-Padel\",\"url\":\"https:\\\/\\\/eventbooking.top\\\/es\\\/\",\"logo\":{\"@type\":\"ImageObject\",\"inLanguage\":\"es\",\"@id\":\"https:\\\/\\\/eventbooking.top\\\/es\\\/#\\\/schema\\\/logo\\\/image\\\/\",\"url\":\"https:\\\/\\\/eventbooking.top\\\/wp-content\\\/uploads\\\/2023\\\/12\\\/Logo-Eventbooking.top-and-Bee-Padel.com_-2.svg\",\"contentUrl\":\"https:\\\/\\\/eventbooking.top\\\/wp-content\\\/uploads\\\/2023\\\/12\\\/Logo-Eventbooking.top-and-Bee-Padel.com_-2.svg\",\"width\":263,\"height\":263,\"caption\":\"Event Booking\"},\"image\":{\"@id\":\"https:\\\/\\\/eventbooking.top\\\/es\\\/#\\\/schema\\\/logo\\\/image\\\/\"},\"sameAs\":[\"https:\\\/\\\/www.facebook.com\\\/EventBookingPadel\\\/\",\"https:\\\/\\\/x.com\\\/PadelEvent\",\"https:\\\/\\\/www.instagram.com\\\/eventbookingpadel\\\/\"]}]}<\/script>\n<!-- \/ Yoast SEO plugin. -->","yoast_head_json":{"title":"Pol\u00edtica de reembolsos y devoluciones - Eventbooking.top y Bee-Padel.com","description":"Aqu\u00ed encontrar\u00e1s la Pol\u00edtica de Reembolsos y Devoluciones de eventbooking.top y Bee-Padel.com para sacarle el m\u00e1ximo partido a Padel Academy y otras compras.","robots":{"index":"index","follow":"follow","max-snippet":"max-snippet:-1","max-image-preview":"max-image-preview:large","max-video-preview":"max-video-preview:-1"},"canonical":"https:\/\/eventbooking.top\/es\/politica-de-reembolso-y-devolucion\/","og_locale":"es_ES","og_type":"article","og_title":"Pol\u00edtica de reembolsos y devoluciones - Eventbooking.top y Bee-Padel.com","og_description":"Aqu\u00ed encontrar\u00e1s la Pol\u00edtica de Reembolsos y Devoluciones de eventbooking.top y Bee-Padel.com para sacarle el m\u00e1ximo partido a Padel Academy y otras compras.","og_url":"https:\/\/eventbooking.top\/es\/politica-de-reembolso-y-devolucion\/","og_site_name":"Intensive Padel Clinics, Barcelona, Spain","article_publisher":"https:\/\/www.facebook.com\/EventBookingPadel\/","article_modified_time":"2023-12-04T16:33:54+00:00","og_image":[{"url":"https:\/\/eventbooking.top\/wp-content\/uploads\/2023\/11\/95-Padel-racket-ins-and-outs-how-are-they-made-why-and-how-to-find-a-good-racket-at-the-restaurant-Emocions-Sorli-Vilassar-de-Dalt-Barcelona-Spain-Shooter-Corial-Apache-Nox-Padelator.jpg","type":"","width":"","height":""}],"twitter_card":"summary_large_image","twitter_title":"Pol\u00edtica de reembolsos y devoluciones - Eventbooking.top y Bee-Padel.com","twitter_description":"Aqu\u00ed encontrar\u00e1s la Pol\u00edtica de Reembolsos y Devoluciones de eventbooking.top y Bee-Padel.com para sacarle el m\u00e1ximo partido a Padel Academy y otras compras.","twitter_image":"https:\/\/eventbooking.top\/wp-content\/uploads\/2023\/11\/95-Padel-racket-ins-and-outs-how-are-they-made-why-and-how-to-find-a-good-racket-at-the-restaurant-Emocions-Sorli-Vilassar-de-Dalt-Barcelona-Spain-Shooter-Corial-Apache-Nox-Padelator.jpg","twitter_site":"@PadelEvent","twitter_misc":{"Tiempo de lectura":"9 minutos"},"schema":{"@context":"https:\/\/schema.org","@graph":[{"@type":"WebPage","@id":"https:\/\/eventbooking.top\/es\/politica-de-reembolso-y-devolucion\/","url":"https:\/\/eventbooking.top\/es\/politica-de-reembolso-y-devolucion\/","name":"Pol\u00edtica de reembolsos y devoluciones - Eventbooking.top y Bee-Padel.com","isPartOf":{"@id":"https:\/\/eventbooking.top\/es\/#website"},"primaryImageOfPage":{"@id":"https:\/\/eventbooking.top\/es\/politica-de-reembolso-y-devolucion\/#primaryimage"},"image":{"@id":"https:\/\/eventbooking.top\/es\/politica-de-reembolso-y-devolucion\/#primaryimage"},"thumbnailUrl":"https:\/\/eventbooking.top\/wp-content\/uploads\/2023\/11\/95-Padel-racket-ins-and-outs-how-are-they-made-why-and-how-to-find-a-good-racket-at-the-restaurant-Emocions-Sorli-Vilassar-de-Dalt-Barcelona-Spain-Shooter-Corial-Apache-Nox-Padelator.jpg","datePublished":"2022-04-19T09:33:11+00:00","dateModified":"2023-12-04T16:33:54+00:00","description":"Aqu\u00ed encontrar\u00e1s la Pol\u00edtica de Reembolsos y Devoluciones de eventbooking.top y Bee-Padel.com para sacarle el m\u00e1ximo partido a Padel Academy y otras compras.","breadcrumb":{"@id":"https:\/\/eventbooking.top\/es\/politica-de-reembolso-y-devolucion\/#breadcrumb"},"inLanguage":"es","potentialAction":[{"@type":"ReadAction","target":["https:\/\/eventbooking.top\/es\/politica-de-reembolso-y-devolucion\/"]}]},{"@type":"ImageObject","inLanguage":"es","@id":"https:\/\/eventbooking.top\/es\/politica-de-reembolso-y-devolucion\/#primaryimage","url":"https:\/\/eventbooking.top\/wp-content\/uploads\/2023\/11\/95-Padel-racket-ins-and-outs-how-are-they-made-why-and-how-to-find-a-good-racket-at-the-restaurant-Emocions-Sorli-Vilassar-de-Dalt-Barcelona-Spain-Shooter-Corial-Apache-Nox-Padelator.jpg","contentUrl":"https:\/\/eventbooking.top\/wp-content\/uploads\/2023\/11\/95-Padel-racket-ins-and-outs-how-are-they-made-why-and-how-to-find-a-good-racket-at-the-restaurant-Emocions-Sorli-Vilassar-de-Dalt-Barcelona-Spain-Shooter-Corial-Apache-Nox-Padelator.jpg","width":730,"height":487,"caption":"Padel racket ins and outs, how are they made, why and how to find a good racket, at the restaurant Emocions Sorli, Vilassar de Dalt, Barcelona, Spain, Shooter, Corial, Apache, Nox, Padelator"},{"@type":"BreadcrumbList","@id":"https:\/\/eventbooking.top\/es\/politica-de-reembolso-y-devolucion\/#breadcrumb","itemListElement":[{"@type":"ListItem","position":1,"name":"Home","item":"https:\/\/eventbooking.top\/es\/"},{"@type":"ListItem","position":2,"name":"Pol\u00edtica de Reembolso y Devoluci\u00f3n"}]},{"@type":"WebSite","@id":"https:\/\/eventbooking.top\/es\/#website","url":"https:\/\/eventbooking.top\/es\/","name":"Intensive Padel Academy, Clinics, Camps and Retreats, Barcelona, Spain and Worldwide","description":"Elevate your Padel skills with a giant leap in just 3 or 5 intensive days under the Barcelona sun","publisher":{"@id":"https:\/\/eventbooking.top\/es\/#organization"},"alternateName":"Padel Academy, Clinics, Camps and Retreats","potentialAction":[{"@type":"SearchAction","target":{"@type":"EntryPoint","urlTemplate":"https:\/\/eventbooking.top\/es\/?s={search_term_string}"},"query-input":{"@type":"PropertyValueSpecification","valueRequired":true,"valueName":"search_term_string"}}],"inLanguage":"es"},{"@type":"Organization","@id":"https:\/\/eventbooking.top\/es\/#organization","name":"Event Booking","alternateName":"Bee-Padel","url":"https:\/\/eventbooking.top\/es\/","logo":{"@type":"ImageObject","inLanguage":"es","@id":"https:\/\/eventbooking.top\/es\/#\/schema\/logo\/image\/","url":"https:\/\/eventbooking.top\/wp-content\/uploads\/2023\/12\/Logo-Eventbooking.top-and-Bee-Padel.com_-2.svg","contentUrl":"https:\/\/eventbooking.top\/wp-content\/uploads\/2023\/12\/Logo-Eventbooking.top-and-Bee-Padel.com_-2.svg","width":263,"height":263,"caption":"Event Booking"},"image":{"@id":"https:\/\/eventbooking.top\/es\/#\/schema\/logo\/image\/"},"sameAs":["https:\/\/www.facebook.com\/EventBookingPadel\/","https:\/\/x.com\/PadelEvent","https:\/\/www.instagram.com\/eventbookingpadel\/"]}]}},"_links":{"self":[{"href":"https:\/\/eventbooking.top\/es\/wp-json\/wp\/v2\/pages\/10610","targetHints":{"allow":["GET"]}}],"collection":[{"href":"https:\/\/eventbooking.top\/es\/wp-json\/wp\/v2\/pages"}],"about":[{"href":"https:\/\/eventbooking.top\/es\/wp-json\/wp\/v2\/types\/page"}],"author":[{"embeddable":true,"href":"https:\/\/eventbooking.top\/es\/wp-json\/wp\/v2\/users\/1"}],"replies":[{"embeddable":true,"href":"https:\/\/eventbooking.top\/es\/wp-json\/wp\/v2\/comments?post=10610"}],"version-history":[{"count":2,"href":"https:\/\/eventbooking.top\/es\/wp-json\/wp\/v2\/pages\/10610\/revisions"}],"predecessor-version":[{"id":10614,"href":"https:\/\/eventbooking.top\/es\/wp-json\/wp\/v2\/pages\/10610\/revisions\/10614"}],"wp:featuredmedia":[{"embeddable":true,"href":"https:\/\/eventbooking.top\/es\/wp-json\/wp\/v2\/media\/9661"}],"wp:attachment":[{"href":"https:\/\/eventbooking.top\/es\/wp-json\/wp\/v2\/media?parent=10610"}],"curies":[{"name":"wp","href":"https:\/\/api.w.org\/{rel}","templated":true}]}}