{"id":10618,"date":"2023-12-03T12:00:31","date_gmt":"2023-12-03T12:00:31","guid":{"rendered":"https:\/\/eventbooking.top\/privacy-policy\/"},"modified":"2023-12-05T16:45:51","modified_gmt":"2023-12-05T16:45:51","slug":"politica-de-privacitat","status":"publish","type":"page","link":"https:\/\/eventbooking.top\/ca\/politica-de-privacitat\/","title":{"rendered":"Pol\u00edtica de Privacitat"},"content":{"rendered":"<div class=\"wpb-content-wrapper\"><p>[vc_row css_animation=&#8221;&#8221; row_type=&#8221;row&#8221; use_row_as_full_screen_section=&#8221;no&#8221; type=&#8221;full_width&#8221; angled_section=&#8221;no&#8221; text_align=&#8221;left&#8221; background_image_as_pattern=&#8221;without_pattern&#8221;][vc_column][vc_column_text]<\/p>\n<h1>Aqu\u00ed presentem la nostra Pol\u00edtica de Privadesa<\/h1>\n<p>&nbsp;<\/p>\n<h2><strong>Pol\u00edtica de Privadesa<\/strong><\/h2>\n<p>&nbsp;<\/p>\n<p>Scarab Lounge SL (Eventbooking.top i Bee-padel.com) opera Eventbooking.top i Bee-padel.com i pot operar altres llocs web. La pol\u00edtica de Eventbooking.top i Bee-padel.com \u00e9s respectar la vostra privadesa amb respecte a tota la informaci\u00f3 que podem recopilar durant la operaci\u00f3 dels nostres llocs web.<\/p>\n<p>&nbsp;<\/p>\n<p><strong>Visitants del lloc web<\/strong><\/p>\n<p>Com la majoria dels operadors de llocs web, Eventbooking.top i Bee-padel.com recopilen informaci\u00f3 no personalment identificable del tipus que els navegadors web i els servidors solen posar a disposici\u00f3, com ara el tipus de navegador, les prefer\u00e8ncies de llenguatge, el lloc de refer\u00e8ncia i l&#8217;hora de cada sol\u00b7licitud del visitant. El prop\u00f2sit de Eventbooking.top i Bee-padel.com en recopilar informaci\u00f3 no personalment identificable \u00e9s comprendre millor com els visitants de Eventbooking.top i Bee-padel.com utilitzen el lloc web. De tant en tant, Eventbooking.top i Bee-padel.com poden divulgar informaci\u00f3 no personalment identificable en forma agregada, per exemple, en publicar un informe sobre tend\u00e8ncies en l&#8217;\u00fas del lloc web.<\/p>\n<p>&nbsp;<\/p>\n<p>Eventbooking.top i Bee-padel.com tamb\u00e9 poden recopilar informaci\u00f3 personalment identificable, com ara adreces IP, per als usuaris registrats i per als usuaris que deixen comentaris als blogs\/llocs de Eventbooking.top i Bee-padel.com.com. Eventbooking.top i Bee-padel.com nom\u00e9s revelen adreces IP d&#8217;usuaris registrats i comentaristes en les mateixes circumst\u00e0ncies en qu\u00e8 utilitzen i revelen informaci\u00f3 personalment identificable, com es descriu a continuaci\u00f3, llevat que les adreces IP dels comentaristes i les adreces de correu electr\u00f2nic siguin visibles i es revelin als administradors del blog\/lloc on es va deixar el comentari.<\/p>\n<p>&nbsp;<\/p>\n<p><strong>Recopilaci\u00f3 d&#8217;informaci\u00f3 personalment identificable<\/strong><\/p>\n<p>Alguns visitants dels llocs web de Eventbooking.top i Bee-padel.com opten per interactuar amb Eventbooking.top i Bee-padel.com de maneres que requereixen que Eventbooking.top i Bee-padel.com recopilin informaci\u00f3 personalment identificable. La quantitat i el tipus d&#8217;informaci\u00f3 que recopila Eventbooking.top i Bee-padel.com dep\u00e8n de la natura de la interacci\u00f3. Per exemple, demanem als visitants que es registrin a Eventbooking.top i Bee-padel.com.com que proporcionin un nom d&#8217;usuari i una adre\u00e7a de correu electr\u00f2nic. Aquells que realitzen transaccions amb Eventbooking.top i Bee-padel.com se&#8217;ls pot demanar que proporcionin informaci\u00f3 addicional, incloent la informaci\u00f3 personal i financera necess\u00e0ria per processar aquestes transaccions. En tot cas, Eventbooking.top i Bee-padel.com recopilen aquesta informaci\u00f3 nom\u00e9s en la mesura necess\u00e0ria o apropiada per complir amb el prop\u00f2sit de la interacci\u00f3 del visitant amb Eventbooking.top i Bee-padel.com. Eventbooking.top i Bee-padel.com no revelen informaci\u00f3 personalment identificable llevat com es descriu a continuaci\u00f3. Els visitants sempre poden negar-se a proporcionar informaci\u00f3 personalment identificable, amb la salvetat que aix\u00f2 pot impedir-los participar en certes activitats relacionades amb el lloc web.<\/p>\n<p>&nbsp;<\/p>\n<p><strong>Estad\u00edstiques Agregades<\/strong><\/p>\n<p>Eventbooking.top i Bee-padel.com poden recopilar estad\u00edstiques sobre el comportament dels visitants als seus llocs web. Eventbooking.top i Bee-padel.com poden mostrar aquesta informaci\u00f3 p\u00fablicament o proporcionar-la a altres. No obstant aix\u00f2, Eventbooking.top i Bee-padel.com no revelen informaci\u00f3 personalment identificable, llevat com es descriu a continuaci\u00f3.<\/p>\n<p>&nbsp;<\/p>\n<p><strong>Protecci\u00f3 de certa informaci\u00f3 personalment identificable<\/strong><\/p>\n<p>Eventbooking.top i Bee-padel.com divulguen potencialment informaci\u00f3 personalment identificable i personalment identificable nom\u00e9s a empleats, contractistes i organitzacions afiliades que (i) necessiten con\u00e8ixer aquesta informaci\u00f3 per processar-la en nom de Eventbooking.top i Bee-padel.com o per proporcionar serveis disponibles als llocs web de Eventbooking.top i Bee-padel.com, i (ii) que han acordat no divulgar-la a altres. Alguns d&#8217;aquests empleats, contractistes i organitzacions afiliades poden estar ubicats fora del seu pa\u00eds d&#8217;origen; mitjan\u00e7ant l&#8217;\u00fas dels llocs web de Eventbooking.top i Bee-padel.com, vost\u00e8 accepta la transfer\u00e8ncia d&#8217;aquesta informaci\u00f3 a ells. Eventbooking.top i Bee-padel.com no llogaran ni vendran potencialment informaci\u00f3 personalment identificable i personalment identificable a ning\u00fa. Tret dels empleats, contractistes i organitzacions afiliades, com es descriu anteriorment, Eventbooking.top i Bee-padel.com divulguen potencialment informaci\u00f3 personalment identificable i personalment identificable nom\u00e9s en resposta a una citaci\u00f3, ordre judicial o una altra exig\u00e8ncia governamental, o quan Eventbooking.top i Bee-padel.com creguin de bona fe que la divulgaci\u00f3 \u00e9s raonablement necess\u00e0ria per protegir la propietat o els drets de Eventbooking.top i Bee-padel.com, tercers o el p\u00fablic en general. Si vost\u00e8 \u00e9s un usuari registrat d&#8217;un lloc web de Eventbooking.top i Bee-padel.com i ha proporcionat la seva adre\u00e7a de correu electr\u00f2nic, Eventbooking.top i Bee-padel.com poden enviar-li de tant en tant un correu electr\u00f2nic per informar-lo de noves funcionalitats, sol\u00b7licitar la seva opini\u00f3 o simplement mantenir-lo informat sobre el que est\u00e0 passant amb Eventbooking.top i Bee-padel.com i els nostres productes. Si ens envia una sol\u00b7licitud (per exemple, mitjan\u00e7ant correu electr\u00f2nic o mitjan\u00e7ant un dels nostres mecanismes de retroalimentaci\u00f3), ens reservem el dret de publicar-la per ajudar-nos a aclarir o respondre a la seva sol\u00b7licitud o per ajudar-nos a ajudar altres usuaris. Eventbooking.top i Bee-padel.com prenen totes les mesures raonablement necess\u00e0ries per protegir-se contra l&#8217;acc\u00e9s no autoritzat, l&#8217;\u00fas, l&#8217;alteraci\u00f3 o la destrucci\u00f3 de informaci\u00f3 potencialment personalment identificable i personalment identificable.<\/p>\n<p>&nbsp;<\/p>\n<p><strong>Cookies<\/strong><\/p>\n<p>Una galeta \u00e9s una cadena d&#8217;informaci\u00f3 que un lloc web emmagatzema a la computadora d&#8217;un visitant i que el navegador del visitant proporciona al lloc web cada vegada que el visitant hi torna. Eventbooking.top i Bee-padel.com utilitzen galetes per ajudar Eventbooking.top i Bee-padel.com a identificar i fer un seguiment dels visitants, el seu \u00fas del lloc web de Eventbooking.top i Bee-padel.com i les seves prefer\u00e8ncies d&#8217;acc\u00e9s al lloc web. Els visitants de Eventbooking.top i Bee-padel.com que no vulguin tenir galetes als seus ordinadors han de configurar els seus navegadors per rebutjar les galetes abans d&#8217;utilitzar els llocs web de Eventbooking.top i Bee-padel.com, amb la inconveni\u00e8ncia que algunes funcions dels llocs web de Eventbooking.top i Bee-padel.com podrien no funcionar correctament sense l&#8217;ajuda de les galetes.<\/p>\n<p>&nbsp;<\/p>\n<p><strong>Transfer\u00e8ncia comercial<\/strong><\/p>\n<p>Si Eventbooking.top i Bee-padel.com, o pr\u00e0cticament tots els seus actius, s\u00f3n adquirits, o en el improbable cas que Eventbooking.top i Bee-padel.com es declarin en fallida o sol\u00b7licitin la protecci\u00f3 per fallida, la informaci\u00f3 de l&#8217;usuari seria un dels actius que es transfereixen o adquireixen per un tercer. Vost\u00e8 reconeix que aquestes transfer\u00e8ncies poden oc\u00f3rrer i que qualsevol adquirent de Eventbooking.top i Bee-padel.com pot continuar utilitzant la seva informaci\u00f3 personal com es descriu en aquesta pol\u00edtica.<\/p>\n<p>&nbsp;<\/p>\n<p><strong>Anuncis<\/strong><\/p>\n<p>Els anuncis que apareixen en qualsevol dels nostres llocs web poden ser lliurats als usuaris per socis publicitaris, els quals poden establir galetes. Aquestes galetes permeten que el servidor d&#8217;anuncis reconegui la seva computadora cada vegada que li envien un anunci en l\u00ednia per recopilar informaci\u00f3 sobre vost\u00e8 o sobre altres persones que utilitzen la seva computadora. Aquesta informaci\u00f3 permet a les xarxes d&#8217;anuncis, entre altres coses, oferir anuncis dirigits que creguin que seran de major inter\u00e8s per vost\u00e8. Aquesta pol\u00edtica de privadesa cobreix l&#8217;\u00fas de galetes per part de Eventbooking.top i Bee-padel.com i no cobreix l&#8217;\u00fas de galetes per part dels anunciants.<\/p>\n<p>&nbsp;<\/p>\n<p><strong>Canvis en la pol\u00edtica de privadesa<\/strong><\/p>\n<p>Tot i que la majoria dels canvis probablement siguin petits, Eventbooking.top i Bee-padel.com poden canviar la seva Pol\u00edtica de Privadesa de tant en tant, a la seva sola discreci\u00f3. Eventbooking.top i Bee-padel.com animen els visitants a comprovar amb freq\u00fc\u00e8ncia aquesta p\u00e0gina per veure qualsevol canvi en la seva Pol\u00edtica de Privadesa. Si vost\u00e8 t\u00e9 un compte a Eventbooking.top i Bee-padel.com.com, tamb\u00e9 pot rebre una notificaci\u00f3 que l&#8217;informi d&#8217;aquests canvis. L&#8217;\u00fas continuat d&#8217;aquest lloc despr\u00e9s de qualsevol canvi en aquesta Pol\u00edtica de Privadesa constituir\u00e0 la seva acceptaci\u00f3 d&#8217;aquest canvi.<\/p>\n<p>&nbsp;<\/p>\n<p>No dubti en posar-se en contacte a trav\u00e9s de: <a href=\"mailto:admin@eventbooking.top\" target=\"_new\" rel=\"noopener\">admin@eventbooking.top<\/a> per a qualsevol pregunta.[\/vc_column_text][\/vc_column][\/vc_row]<\/p>\n<\/div>","protected":false},"excerpt":{"rendered":"<p>[vc_row css_animation=&#8221;&#8221; row_type=&#8221;row&#8221; use_row_as_full_screen_section=&#8221;no&#8221; type=&#8221;full_width&#8221; angled_section=&#8221;no&#8221; text_align=&#8221;left&#8221; background_image_as_pattern=&#8221;without_pattern&#8221;][vc_column][vc_column_text] Aqu\u00ed presentem la nostra Pol\u00edtica de Privadesa &nbsp; Pol\u00edtica de Privadesa &nbsp; Scarab Lounge SL (Eventbooking.top i Bee-padel.com) opera Eventbooking.top i Bee-padel.com i pot operar altres llocs web. La pol\u00edtica de Eventbooking.top i Bee-padel.com \u00e9s respectar la&#8230;<\/p>\n","protected":false},"author":1,"featured_media":10147,"parent":0,"menu_order":0,"comment_status":"closed","ping_status":"closed","template":"","meta":{"footnotes":""},"class_list":["post-10618","page","type-page","status-publish","has-post-thumbnail","hentry"],"yoast_head":"<!-- This site is optimized with the Yoast SEO plugin v27.5 - https:\/\/yoast.com\/product\/yoast-seo-wordpress\/ -->\n<title>Pol\u00edtica de Privadesa - Eventbooking.top i Bee-Padel.com<\/title>\n<meta name=\"description\" content=\"Aqu\u00ed us presentem la nostra pol\u00edtica de privadesa. Aqu\u00ed queda clar com pensem sobre la Privacitat al lloc web i a l&#039;Acad\u00e8mia de P\u00e0del, Venda de productes\" \/>\n<meta name=\"robots\" content=\"index, follow, max-snippet:-1, max-image-preview:large, max-video-preview:-1\" \/>\n<link rel=\"canonical\" href=\"https:\/\/eventbooking.top\/ca\/politica-de-privacitat\/\" \/>\n<meta property=\"og:locale\" content=\"ca_ES\" \/>\n<meta property=\"og:type\" content=\"article\" \/>\n<meta property=\"og:title\" content=\"Pol\u00edtica de Privadesa - Eventbooking.top i Bee-Padel.com\" \/>\n<meta property=\"og:description\" content=\"Aqu\u00ed us presentem la nostra pol\u00edtica de privadesa. Aqu\u00ed queda clar com pensem sobre la Privacitat al lloc web i a l&#039;Acad\u00e8mia de P\u00e0del, Venda de productes\" \/>\n<meta property=\"og:url\" content=\"https:\/\/eventbooking.top\/ca\/politica-de-privacitat\/\" \/>\n<meta property=\"og:site_name\" content=\"Intensive Padel Clinics, Barcelona, Spain\" \/>\n<meta property=\"article:publisher\" content=\"https:\/\/www.facebook.com\/EventBookingPadel\/\" \/>\n<meta property=\"article:modified_time\" content=\"2023-12-05T16:45:51+00:00\" \/>\n<meta property=\"og:image\" content=\"https:\/\/eventbooking.top\/wp-content\/uploads\/2023\/11\/221-Outstanding-view-from-Padel-courts-at-Resort-Oller-del-Mas-Resort-for-Mimon-Business-Retreats-at-the-Padel-Clinic-Academy-Maresme-Catalunya-Barcelona-Spain.jpg\" \/>\n<meta name=\"twitter:card\" content=\"summary_large_image\" \/>\n<meta name=\"twitter:title\" content=\"Pol\u00edtica de Privadesa - Eventbooking.top i Bee-Padel.com\" \/>\n<meta name=\"twitter:description\" content=\"Aqu\u00ed us presentem la nostra pol\u00edtica de privadesa. Aqu\u00ed queda clar com pensem sobre la Privacitat al lloc web i a l&#039;Acad\u00e8mia de P\u00e0del, Venda de productes\" \/>\n<meta name=\"twitter:image\" content=\"https:\/\/eventbooking.top\/wp-content\/uploads\/2023\/11\/221-Outstanding-view-from-Padel-courts-at-Resort-Oller-del-Mas-Resort-for-Mimon-Business-Retreats-at-the-Padel-Clinic-Academy-Maresme-Catalunya-Barcelona-Spain.jpg\" \/>\n<meta name=\"twitter:site\" content=\"@PadelEvent\" \/>\n<meta name=\"twitter:label1\" content=\"Temps estimat de lectura\" \/>\n\t<meta name=\"twitter:data1\" content=\"7 minuts\" \/>\n<script type=\"application\/ld+json\" class=\"yoast-schema-graph\">{\"@context\":\"https:\\\/\\\/schema.org\",\"@graph\":[{\"@type\":\"WebPage\",\"@id\":\"https:\\\/\\\/eventbooking.top\\\/ca\\\/politica-de-privacitat\\\/\",\"url\":\"https:\\\/\\\/eventbooking.top\\\/ca\\\/politica-de-privacitat\\\/\",\"name\":\"Pol\u00edtica de Privadesa - Eventbooking.top i Bee-Padel.com\",\"isPartOf\":{\"@id\":\"https:\\\/\\\/eventbooking.top\\\/ca\\\/#website\"},\"primaryImageOfPage\":{\"@id\":\"https:\\\/\\\/eventbooking.top\\\/ca\\\/politica-de-privacitat\\\/#primaryimage\"},\"image\":{\"@id\":\"https:\\\/\\\/eventbooking.top\\\/ca\\\/politica-de-privacitat\\\/#primaryimage\"},\"thumbnailUrl\":\"https:\\\/\\\/eventbooking.top\\\/wp-content\\\/uploads\\\/2023\\\/11\\\/221-Outstanding-view-from-Padel-courts-at-Resort-Oller-del-Mas-Resort-for-Mimon-Business-Retreats-at-the-Padel-Clinic-Academy-Maresme-Catalunya-Barcelona-Spain.jpg\",\"datePublished\":\"2023-12-03T12:00:31+00:00\",\"dateModified\":\"2023-12-05T16:45:51+00:00\",\"description\":\"Aqu\u00ed us presentem la nostra pol\u00edtica de privadesa. Aqu\u00ed queda clar com pensem sobre la Privacitat al lloc web i a l'Acad\u00e8mia de P\u00e0del, Venda de productes\",\"breadcrumb\":{\"@id\":\"https:\\\/\\\/eventbooking.top\\\/ca\\\/politica-de-privacitat\\\/#breadcrumb\"},\"inLanguage\":\"ca\",\"potentialAction\":[{\"@type\":\"ReadAction\",\"target\":[\"https:\\\/\\\/eventbooking.top\\\/ca\\\/politica-de-privacitat\\\/\"]}]},{\"@type\":\"ImageObject\",\"inLanguage\":\"ca\",\"@id\":\"https:\\\/\\\/eventbooking.top\\\/ca\\\/politica-de-privacitat\\\/#primaryimage\",\"url\":\"https:\\\/\\\/eventbooking.top\\\/wp-content\\\/uploads\\\/2023\\\/11\\\/221-Outstanding-view-from-Padel-courts-at-Resort-Oller-del-Mas-Resort-for-Mimon-Business-Retreats-at-the-Padel-Clinic-Academy-Maresme-Catalunya-Barcelona-Spain.jpg\",\"contentUrl\":\"https:\\\/\\\/eventbooking.top\\\/wp-content\\\/uploads\\\/2023\\\/11\\\/221-Outstanding-view-from-Padel-courts-at-Resort-Oller-del-Mas-Resort-for-Mimon-Business-Retreats-at-the-Padel-Clinic-Academy-Maresme-Catalunya-Barcelona-Spain.jpg\",\"width\":730,\"height\":487,\"caption\":\"Outstanding view from Padel courts at Resort Oller del Mas Resort for Mimon Business Retreats at the Padel Clinic, Academy, Privacy Policy\"},{\"@type\":\"BreadcrumbList\",\"@id\":\"https:\\\/\\\/eventbooking.top\\\/ca\\\/politica-de-privacitat\\\/#breadcrumb\",\"itemListElement\":[{\"@type\":\"ListItem\",\"position\":1,\"name\":\"Home\",\"item\":\"https:\\\/\\\/eventbooking.top\\\/ca\\\/\"},{\"@type\":\"ListItem\",\"position\":2,\"name\":\"Pol\u00edtica de Privacitat\"}]},{\"@type\":\"WebSite\",\"@id\":\"https:\\\/\\\/eventbooking.top\\\/ca\\\/#website\",\"url\":\"https:\\\/\\\/eventbooking.top\\\/ca\\\/\",\"name\":\"Intensive Padel Academy, Clinics, Camps and Retreats, Barcelona, Spain and Worldwide\",\"description\":\"Elevate Your Padel Skills in Just 3 Days with 12 Hours of Intensive Training\",\"publisher\":{\"@id\":\"https:\\\/\\\/eventbooking.top\\\/ca\\\/#organization\"},\"alternateName\":\"Padel Academy, Clinics, Camps and Retreats\",\"potentialAction\":[{\"@type\":\"SearchAction\",\"target\":{\"@type\":\"EntryPoint\",\"urlTemplate\":\"https:\\\/\\\/eventbooking.top\\\/ca\\\/?s={search_term_string}\"},\"query-input\":{\"@type\":\"PropertyValueSpecification\",\"valueRequired\":true,\"valueName\":\"search_term_string\"}}],\"inLanguage\":\"ca\"},{\"@type\":\"Organization\",\"@id\":\"https:\\\/\\\/eventbooking.top\\\/ca\\\/#organization\",\"name\":\"Event Booking\",\"alternateName\":\"Bee-Padel\",\"url\":\"https:\\\/\\\/eventbooking.top\\\/ca\\\/\",\"logo\":{\"@type\":\"ImageObject\",\"inLanguage\":\"ca\",\"@id\":\"https:\\\/\\\/eventbooking.top\\\/ca\\\/#\\\/schema\\\/logo\\\/image\\\/\",\"url\":\"https:\\\/\\\/eventbooking.top\\\/wp-content\\\/uploads\\\/2023\\\/12\\\/Logo-Eventbooking.top-and-Bee-Padel.com_-2.svg\",\"contentUrl\":\"https:\\\/\\\/eventbooking.top\\\/wp-content\\\/uploads\\\/2023\\\/12\\\/Logo-Eventbooking.top-and-Bee-Padel.com_-2.svg\",\"width\":263,\"height\":263,\"caption\":\"Event Booking\"},\"image\":{\"@id\":\"https:\\\/\\\/eventbooking.top\\\/ca\\\/#\\\/schema\\\/logo\\\/image\\\/\"},\"sameAs\":[\"https:\\\/\\\/www.facebook.com\\\/EventBookingPadel\\\/\",\"https:\\\/\\\/x.com\\\/PadelEvent\",\"https:\\\/\\\/www.instagram.com\\\/eventbookingpadel\\\/\"]}]}<\/script>\n<!-- \/ Yoast SEO plugin. -->","yoast_head_json":{"title":"Pol\u00edtica de Privadesa - Eventbooking.top i Bee-Padel.com","description":"Aqu\u00ed us presentem la nostra pol\u00edtica de privadesa. Aqu\u00ed queda clar com pensem sobre la Privacitat al lloc web i a l'Acad\u00e8mia de P\u00e0del, Venda de productes","robots":{"index":"index","follow":"follow","max-snippet":"max-snippet:-1","max-image-preview":"max-image-preview:large","max-video-preview":"max-video-preview:-1"},"canonical":"https:\/\/eventbooking.top\/ca\/politica-de-privacitat\/","og_locale":"ca_ES","og_type":"article","og_title":"Pol\u00edtica de Privadesa - Eventbooking.top i Bee-Padel.com","og_description":"Aqu\u00ed us presentem la nostra pol\u00edtica de privadesa. Aqu\u00ed queda clar com pensem sobre la Privacitat al lloc web i a l'Acad\u00e8mia de P\u00e0del, Venda de productes","og_url":"https:\/\/eventbooking.top\/ca\/politica-de-privacitat\/","og_site_name":"Intensive Padel Clinics, Barcelona, Spain","article_publisher":"https:\/\/www.facebook.com\/EventBookingPadel\/","article_modified_time":"2023-12-05T16:45:51+00:00","og_image":[{"url":"https:\/\/eventbooking.top\/wp-content\/uploads\/2023\/11\/221-Outstanding-view-from-Padel-courts-at-Resort-Oller-del-Mas-Resort-for-Mimon-Business-Retreats-at-the-Padel-Clinic-Academy-Maresme-Catalunya-Barcelona-Spain.jpg","type":"","width":"","height":""}],"twitter_card":"summary_large_image","twitter_title":"Pol\u00edtica de Privadesa - Eventbooking.top i Bee-Padel.com","twitter_description":"Aqu\u00ed us presentem la nostra pol\u00edtica de privadesa. Aqu\u00ed queda clar com pensem sobre la Privacitat al lloc web i a l'Acad\u00e8mia de P\u00e0del, Venda de productes","twitter_image":"https:\/\/eventbooking.top\/wp-content\/uploads\/2023\/11\/221-Outstanding-view-from-Padel-courts-at-Resort-Oller-del-Mas-Resort-for-Mimon-Business-Retreats-at-the-Padel-Clinic-Academy-Maresme-Catalunya-Barcelona-Spain.jpg","twitter_site":"@PadelEvent","twitter_misc":{"Temps estimat de lectura":"7 minuts"},"schema":{"@context":"https:\/\/schema.org","@graph":[{"@type":"WebPage","@id":"https:\/\/eventbooking.top\/ca\/politica-de-privacitat\/","url":"https:\/\/eventbooking.top\/ca\/politica-de-privacitat\/","name":"Pol\u00edtica de Privadesa - Eventbooking.top i Bee-Padel.com","isPartOf":{"@id":"https:\/\/eventbooking.top\/ca\/#website"},"primaryImageOfPage":{"@id":"https:\/\/eventbooking.top\/ca\/politica-de-privacitat\/#primaryimage"},"image":{"@id":"https:\/\/eventbooking.top\/ca\/politica-de-privacitat\/#primaryimage"},"thumbnailUrl":"https:\/\/eventbooking.top\/wp-content\/uploads\/2023\/11\/221-Outstanding-view-from-Padel-courts-at-Resort-Oller-del-Mas-Resort-for-Mimon-Business-Retreats-at-the-Padel-Clinic-Academy-Maresme-Catalunya-Barcelona-Spain.jpg","datePublished":"2023-12-03T12:00:31+00:00","dateModified":"2023-12-05T16:45:51+00:00","description":"Aqu\u00ed us presentem la nostra pol\u00edtica de privadesa. Aqu\u00ed queda clar com pensem sobre la Privacitat al lloc web i a l'Acad\u00e8mia de P\u00e0del, Venda de productes","breadcrumb":{"@id":"https:\/\/eventbooking.top\/ca\/politica-de-privacitat\/#breadcrumb"},"inLanguage":"ca","potentialAction":[{"@type":"ReadAction","target":["https:\/\/eventbooking.top\/ca\/politica-de-privacitat\/"]}]},{"@type":"ImageObject","inLanguage":"ca","@id":"https:\/\/eventbooking.top\/ca\/politica-de-privacitat\/#primaryimage","url":"https:\/\/eventbooking.top\/wp-content\/uploads\/2023\/11\/221-Outstanding-view-from-Padel-courts-at-Resort-Oller-del-Mas-Resort-for-Mimon-Business-Retreats-at-the-Padel-Clinic-Academy-Maresme-Catalunya-Barcelona-Spain.jpg","contentUrl":"https:\/\/eventbooking.top\/wp-content\/uploads\/2023\/11\/221-Outstanding-view-from-Padel-courts-at-Resort-Oller-del-Mas-Resort-for-Mimon-Business-Retreats-at-the-Padel-Clinic-Academy-Maresme-Catalunya-Barcelona-Spain.jpg","width":730,"height":487,"caption":"Outstanding view from Padel courts at Resort Oller del Mas Resort for Mimon Business Retreats at the Padel Clinic, Academy, Privacy Policy"},{"@type":"BreadcrumbList","@id":"https:\/\/eventbooking.top\/ca\/politica-de-privacitat\/#breadcrumb","itemListElement":[{"@type":"ListItem","position":1,"name":"Home","item":"https:\/\/eventbooking.top\/ca\/"},{"@type":"ListItem","position":2,"name":"Pol\u00edtica de Privacitat"}]},{"@type":"WebSite","@id":"https:\/\/eventbooking.top\/ca\/#website","url":"https:\/\/eventbooking.top\/ca\/","name":"Intensive Padel Academy, Clinics, Camps and Retreats, Barcelona, Spain and Worldwide","description":"Elevate Your Padel Skills in Just 3 Days with 12 Hours of Intensive Training","publisher":{"@id":"https:\/\/eventbooking.top\/ca\/#organization"},"alternateName":"Padel Academy, Clinics, Camps and Retreats","potentialAction":[{"@type":"SearchAction","target":{"@type":"EntryPoint","urlTemplate":"https:\/\/eventbooking.top\/ca\/?s={search_term_string}"},"query-input":{"@type":"PropertyValueSpecification","valueRequired":true,"valueName":"search_term_string"}}],"inLanguage":"ca"},{"@type":"Organization","@id":"https:\/\/eventbooking.top\/ca\/#organization","name":"Event Booking","alternateName":"Bee-Padel","url":"https:\/\/eventbooking.top\/ca\/","logo":{"@type":"ImageObject","inLanguage":"ca","@id":"https:\/\/eventbooking.top\/ca\/#\/schema\/logo\/image\/","url":"https:\/\/eventbooking.top\/wp-content\/uploads\/2023\/12\/Logo-Eventbooking.top-and-Bee-Padel.com_-2.svg","contentUrl":"https:\/\/eventbooking.top\/wp-content\/uploads\/2023\/12\/Logo-Eventbooking.top-and-Bee-Padel.com_-2.svg","width":263,"height":263,"caption":"Event Booking"},"image":{"@id":"https:\/\/eventbooking.top\/ca\/#\/schema\/logo\/image\/"},"sameAs":["https:\/\/www.facebook.com\/EventBookingPadel\/","https:\/\/x.com\/PadelEvent","https:\/\/www.instagram.com\/eventbookingpadel\/"]}]}},"_links":{"self":[{"href":"https:\/\/eventbooking.top\/ca\/wp-json\/wp\/v2\/pages\/10618","targetHints":{"allow":["GET"]}}],"collection":[{"href":"https:\/\/eventbooking.top\/ca\/wp-json\/wp\/v2\/pages"}],"about":[{"href":"https:\/\/eventbooking.top\/ca\/wp-json\/wp\/v2\/types\/page"}],"author":[{"embeddable":true,"href":"https:\/\/eventbooking.top\/ca\/wp-json\/wp\/v2\/users\/1"}],"replies":[{"embeddable":true,"href":"https:\/\/eventbooking.top\/ca\/wp-json\/wp\/v2\/comments?post=10618"}],"version-history":[{"count":8,"href":"https:\/\/eventbooking.top\/ca\/wp-json\/wp\/v2\/pages\/10618\/revisions"}],"predecessor-version":[{"id":10648,"href":"https:\/\/eventbooking.top\/ca\/wp-json\/wp\/v2\/pages\/10618\/revisions\/10648"}],"wp:featuredmedia":[{"embeddable":true,"href":"https:\/\/eventbooking.top\/ca\/wp-json\/wp\/v2\/media\/10147"}],"wp:attachment":[{"href":"https:\/\/eventbooking.top\/ca\/wp-json\/wp\/v2\/media?parent=10618"}],"curies":[{"name":"wp","href":"https:\/\/api.w.org\/{rel}","templated":true}]}}